{"id":770,"date":"2022-02-23T21:06:46","date_gmt":"2022-02-23T21:06:46","guid":{"rendered":"https:\/\/demo.creativethemes.com\/stagingfour\/?page_id=770"},"modified":"2023-01-16T02:29:18","modified_gmt":"2023-01-16T02:29:18","slug":"categories","status":"publish","type":"page","link":"https:\/\/inteligenciaartificialai.com\/en\/categories\/","title":{"rendered":"Categories"},"content":{"rendered":"<div  class=\"ultp-post-grid-block wp-block-ultimate-post-post-list-2 ultp-block-1a565a\"><div class=\"ultp-block-wrapper\"><div class=\"ultp-loading\"><div class=\"ultp-loading-blocks\" style=\"width:100%;height:100%;\"><div style=\"left: 0;top: 0;animation-delay:0s;\"><\/div><div style=\"left: 21px;top: 0;animation-delay:0.125s;\"><\/div><div style=\"left: 42px;top: 0;animation-delay:0.25s;\"><\/div><div style=\"left: 0;top: 21px;animation-delay:0.875s;\"><\/div><div style=\"left: 42px;top: 21px;animation-delay:0.375s;\"><\/div><div style=\"left: 0;top: 42px;animation-delay:0.75s;\"><\/div><div style=\"left: 42px;top: 42px;animation-delay:0.625s;\"><\/div><div style=\"left: 21px;top: 42px;animation-delay:0.5s;\"><\/div><\/div><\/div><div class=\"ultp-heading-filter\"><div class=\"ultp-heading-filter-in\"><div class=\"ultp-heading-wrap ultp-heading-style1 ultp-heading-left\"><h2 class=\"ultp-heading-inner\"><span>CATEGORY <strong>AI APPLICATIONS<\/strong><\/span><\/h2><\/div><div class=\"ultp-filter-navigation\"><\/div><\/div><\/div><div class=\"ultp-block-items-wrap ultp-block-content-middle ultp-layout1\"><div class=\"ultp-block-item ultp-block-media post-id-2818\"><div class=\"ultp-block-content-wrap ultp-first-postlist-2\"><div class=\"ultp-block-image ultp-block-image-zoomIn\"><a href=\"https:\/\/inteligenciaartificialai.com\/en\/que-es-notebooklm-y-por-que-usarlo\/\"><img decoding=\"async\"  alt=\"Qu\u00e9 es NotebookLM y por qu\u00e9 usarlo\"  src=\"https:\/\/inteligenciaartificialai.com\/wp-content\/uploads\/2025\/03\/Que-es-NotebookLM-y-por-que-usarlo.png\" \/><\/a><\/div><div class=\"ultp-block-content\"><div class=\"ultp-category-grid ultp-category-classic ultp-category-aboveTitle\"><div class=\"ultp-category-in\"><a class=\"ultp-cat-aplicaciones-ai\" href=\"https:\/\/inteligenciaartificialai.com\/en\/category\/ai-applications\/\">AI Applications<\/a><\/div><\/div><h3 class=\"ultp-block-title\"><a href=\"https:\/\/inteligenciaartificialai.com\/en\/que-es-notebooklm-y-por-que-usarlo\/\">\u00bfQu\u00e9 es NotebookLM y por qu\u00e9 usarlo?<\/a><\/h3><div class=\"ultp-block-excerpt\"><p>\u00bfQu\u00e9 es NotebookLM y por qu\u00e9 usarlo?: Tu Asistente de Investigaci\u00f3n Impulsado por IA En la era digital actual, la gesti\u00f3n eficiente de la informaci\u00f3n es fundamental para profesionales, estudiantes y cualquier persona que busque optimizar su productividad. Google, siempre a la vanguardia de la innovaci\u00f3n, ha desarrollado NotebookLM, una herramienta que combina la toma [&hellip;]<\/p>\n<\/div><div class=\"ultp-block-readmore\"><a aria-label=\"\u00bfQu\u00e9 es NotebookLM y por qu\u00e9 usarlo?\" href=\"https:\/\/inteligenciaartificialai.com\/en\/que-es-notebooklm-y-por-que-usarlo\/\">CONTINUE READING<\/a><\/div><\/div><\/div><\/div><div class=\"ultp-block-item ultp-block-media post-id-2809\"><div class=\"ultp-block-content-wrap ultp-all-postlist-2\"><div class=\"ultp-block-image ultp-block-image-zoomIn\"><a href=\"https:\/\/inteligenciaartificialai.com\/en\/que-es-google-labs\/\"><img decoding=\"async\"  alt=\"\u00bfQu\u00e9 es Google Labs?\"  src=\"https:\/\/inteligenciaartificialai.com\/wp-content\/uploads\/2025\/03\/\u00bfQue-es-Google-Labs-600x600.png\" \/><\/a><\/div><div class=\"ultp-block-content\"><div class=\"ultp-category-grid ultp-category-classic ultp-category-aboveTitle\"><div class=\"ultp-category-in\"><a class=\"ultp-cat-aplicaciones-ai\" href=\"https:\/\/inteligenciaartificialai.com\/en\/category\/ai-applications\/\">AI Applications<\/a><\/div><\/div><h3 class=\"ultp-block-title\"><a href=\"https:\/\/inteligenciaartificialai.com\/en\/que-es-google-labs\/\">\u00bfQu\u00e9 es Google Labs?<\/a><\/h3><div class=\"ultp-block-excerpt\"><p>Descubre Google Labs: El Laboratorio de Innovaci\u00f3n de Google Explora qu\u00e9 es Google Labs, el espacio donde Google prueba sus innovaciones en IA y tecnolog\u00eda, permitiendo a los usuarios experimentar con herramientas de vanguardia. En el vertiginoso mundo de la&hellip;<\/p>\n<\/div><div class=\"ultp-block-readmore\"><a aria-label=\"\u00bfQu\u00e9 es Google Labs?\" href=\"https:\/\/inteligenciaartificialai.com\/en\/que-es-google-labs\/\">CONTINUE READING<\/a><\/div><\/div><\/div><\/div><div class=\"ultp-block-item ultp-block-media post-id-2767\"><div class=\"ultp-block-content-wrap ultp-all-postlist-2\"><div class=\"ultp-block-image ultp-block-image-zoomIn\"><a href=\"https:\/\/inteligenciaartificialai.com\/en\/what-is-deepseek-and-how-to-install-it\/\"><img decoding=\"async\"  alt=\"What is DeepSeek and how to install it\"  src=\"https:\/\/inteligenciaartificialai.com\/wp-content\/uploads\/2025\/02\/Que-es-y-como-instalar-DeepSeek-600x600.png\" \/><\/a><\/div><div class=\"ultp-block-content\"><div class=\"ultp-category-grid ultp-category-classic ultp-category-aboveTitle\"><div class=\"ultp-category-in\"><a class=\"ultp-cat-explorando-ai\" href=\"https:\/\/inteligenciaartificialai.com\/en\/category\/exploring-ai\/\">Exploring AI<\/a><a class=\"ultp-cat-aplicaciones-ai\" href=\"https:\/\/inteligenciaartificialai.com\/en\/category\/ai-applications\/\">AI Applications<\/a><\/div><\/div><h3 class=\"ultp-block-title\"><a href=\"https:\/\/inteligenciaartificialai.com\/en\/what-is-deepseek-and-how-to-install-it\/\">What is DeepSeek and how to install it<\/a><\/h3><div class=\"ultp-block-excerpt\"><p>Que es y como instalar DeepSeek: La Revoluci\u00f3n de la Inteligencia Artificial Descubre qu\u00e9 es DeepSeek, la innovadora inteligencia artificial china que compite con ChatGPT, y aprende c\u00f3mo instalarla f\u00e1cilmente en tu dispositivo. En el mundo de la inteligencia artificial&hellip;<\/p>\n<\/div><div class=\"ultp-block-readmore\"><a aria-label=\"What is DeepSeek and how to install it\" href=\"https:\/\/inteligenciaartificialai.com\/en\/what-is-deepseek-and-how-to-install-it\/\">CONTINUE READING<\/a><\/div><\/div><\/div><\/div><\/div><div class=\"ultp-pagination-wrap ultp-pagination-ajax-action\" data-paged=\"1\" data-expost=\"\"  data-blockid=\"1a565a\" data-postid=\"770\" data-pages=\"14\" data-blockname=\"ultimate-post_post-list-2\" data-selfpostid=\"no\"><ul class=\"ultp-pagination\"><li class=\"ultp-prev-page-numbers\" style=\"display:none\"><a href=\"https:\/\/inteligenciaartificialai.com\/wp-json\/wp\/v2\/pages\/770\/\"><svg xmlns=\"http:\/\/www.w3.org\/2000\/svg\" fill=\"none\" viewbox=\"0 0 24 24\">\n  <path stroke=\"currentColor\" stroke-linecap=\"round\" stroke-linejoin=\"round\" stroke-width=\"1.5\" d=\"m15 18-6-6 6-6\"\/>\n<\/svg>\n Previous<\/a><\/li><li class=\"ultp-first-pages\" style=\"display:none\" data-current=\"1\"><a href=\"https:\/\/inteligenciaartificialai.com\/wp-json\/wp\/v2\/pages\/770\/\">1<\/a><\/li><li class=\"ultp-first-dot\"style=\"display:none\"><a href=\"#\">&#8230;<\/a><\/li><li class=\"ultp-center-item pagination-active\" data-current=\"1\"><a href=\"https:\/\/inteligenciaartificialai.com\/wp-json\/wp\/v2\/pages\/770\/\">1<\/a><\/li><li class=\"ultp-center-item\" data-current=\"2\" ><a href=\"https:\/\/inteligenciaartificialai.com\/wp-json\/wp\/v2\/pages\/770\/page\/2\/\">2<\/a><\/li><li class=\"ultp-center-item\" data-current=\"3\" ><a href=\"https:\/\/inteligenciaartificialai.com\/wp-json\/wp\/v2\/pages\/770\/page\/3\/\">3<\/a><\/li><li class=\"ultp-last-dot\" ><a href=\"#\">&#8230;<\/a><\/li><li class=\"ultp-last-pages\" data-current=\"14\"><a href=\"https:\/\/inteligenciaartificialai.com\/wp-json\/wp\/v2\/pages\/770\/page\/14\/\">14<\/a><\/li><li class=\"ultp-next-page-numbers\"><a href=\"https:\/\/inteligenciaartificialai.com\/wp-json\/wp\/v2\/pages\/770\/page\/2\/\">Next<svg xmlns=\"http:\/\/www.w3.org\/2000\/svg\" fill=\"none\" viewbox=\"0 0 24 24\">\n  <path stroke=\"currentColor\" stroke-linecap=\"round\" stroke-linejoin=\"round\" stroke-width=\"1.5\" d=\"m9 18 6-6-6-6\"\/>\n<\/svg>\n<\/a><\/li><\/ul><\/div><\/div><div class=\"pagination-block-html\" aria-hidden=\"true\" style=\"display: none;\"><\/div><\/div>\n\n\n<div class=\"wp-block-stackable-spacer stk-block-spacer stk--no-padding stk-block stk-59d9e47\" data-block-id=\"59d9e47\"><style>.stk-59d9e47{height:50px !important}@media screen and (max-width:689px){.stk-59d9e47{height:0px !important}}<\/style><\/div>","protected":false},"excerpt":{"rendered":"<p>Pellentesque tincidunt tristique neque, eget venenatis enim gravida quis. Fusce at egestas libero. Cras convallis egestas ullamcorper suspens.<\/p>","protected":false},"author":1,"featured_media":0,"parent":0,"menu_order":0,"comment_status":"closed","ping_status":"closed","template":"","meta":{"_gspb_post_css":"","_vp_format_video_url":"","_vp_image_focal_point":[],"footnotes":""},"class_list":["post-770","page","type-page","status-publish","hentry"],"blocksy_meta":{"styles_descriptor":{"styles":{"desktop":"","tablet":"","mobile":""},"google_fonts":[],"version":6},"page_title_panel":"","has_hero_section":"disabled","258c2a1e77aadd46db88ca93783a9511":"","hero_section":"type-1","hero_elements":[{"id":"custom_title","enabled":true,"heading_tag":"h1","title":"Home"},{"id":"custom_description","enabled":true,"description_visibility":{"desktop":true,"tablet":true,"mobile":false}},{"id":"custom_meta","enabled":false,"meta_elements":[{"id":"author","enabled":true,"label":"Por","has_author_avatar":"yes","avatar_size":25},{"id":"post_date","enabled":true,"label":"El","date_format_source":"default","date_format":"M j, Y"},{"id":"updated_date","enabled":false,"label":"El","date_format_source":"default","date_format":"M j, Y"},{"id":"categories","enabled":false,"label":"Dentro","style":"simple"},{"id":"comments","enabled":true}],"page_meta_elements":{"joined":true,"articles_count":true,"comments":true}},{"id":"breadcrumbs","enabled":false}],"6090fa99679a9128d9d48892047989fb":"","hero_alignment1":"CT_CSS_SKIP_RULE","hero_margin":40,"hero_alignment2":"center","hero_vertical_alignment":"center","6259ea9aa058a2fa63f92c6d2a3335a2":"","hero_structure":"narrow","231f5d05201dfb3da4b5542dd894e4ee":"","page_title_bg_type":"featured_image","custom_hero_background":{"attachment_id":null},"page_title_image_size":"full","parallax":{"desktop":false,"tablet":false,"mobile":false},"d49a59d4bbf3b5053fde8490b156dfc7":"","hero_height":"250px","pageTitleFont":{"family":"Default","variation":"Default","size":"30px","line-height":"CT_CSS_SKIP_RULE","letter-spacing":"CT_CSS_SKIP_RULE","text-transform":"CT_CSS_SKIP_RULE","text-decoration":"CT_CSS_SKIP_RULE"},"pageTitleFontColor":{"default":{"color":"CT_CSS_SKIP_RULEDEFAULT"}},"pageMetaFont":{"family":"Default","variation":"n6","size":"12px","line-height":"1.3","letter-spacing":"CT_CSS_SKIP_RULE","text-transform":"uppercase","text-decoration":"CT_CSS_SKIP_RULE"},"pageMetaFontColor":{"default":{"color":"CT_CSS_SKIP_RULEDEFAULT"},"hover":{"color":"CT_CSS_SKIP_RULEDEFAULT"}},"page_meta_button_type_font_colors":{"default":{"color":"CT_CSS_SKIP_RULEDEFAULT"},"hover":{"color":"CT_CSS_SKIP_RULEDEFAULT"}},"page_meta_button_type_background_colors":{"default":{"color":"CT_CSS_SKIP_RULEDEFAULT"},"hover":{"color":"CT_CSS_SKIP_RULEDEFAULT"}},"pageExcerptFont":{"family":"Default","variation":"Default","size":"CT_CSS_SKIP_RULE","line-height":"CT_CSS_SKIP_RULE","letter-spacing":"CT_CSS_SKIP_RULE","text-transform":"CT_CSS_SKIP_RULE","text-decoration":"CT_CSS_SKIP_RULE"},"pageExcerptColor":{"default":{"color":"CT_CSS_SKIP_RULEDEFAULT"}},"breadcrumbsFont":{"family":"Default","variation":"Default","size":"CT_CSS_SKIP_RULE","line-height":"CT_CSS_SKIP_RULE","letter-spacing":"CT_CSS_SKIP_RULE","text-transform":"CT_CSS_SKIP_RULE","text-decoration":"CT_CSS_SKIP_RULE"},"breadcrumbsFontColor":{"default":{"color":"CT_CSS_SKIP_RULEDEFAULT"},"initial":{"color":"CT_CSS_SKIP_RULEDEFAULT"},"hover":{"color":"CT_CSS_SKIP_RULEDEFAULT"}},"pageTitleOverlay":{"background_type":"color","background_pattern":"type-1","background_image":{"attachment_id":null,"x":0,"y":0},"gradient":"linear-gradient(135deg,rgba(6,147,227,1) 0%,rgb(155,81,224) 100%)","background_repeat":"repeat","background_size":"auto","background_attachment":"scroll","patternColor":{"default":{"color":"#e5e7ea"}},"overlayColor":{"default":{"color":"CT_CSS_SKIP_RULE"}},"backgroundColor":{"default":{"color":"CT_CSS_SKIP_RULE"}}},"pageTitleBackground":{"background_type":"color","background_pattern":"type-1","background_image":{"attachment_id":null,"x":0,"y":0},"gradient":"linear-gradient(135deg,rgba(6,147,227,1) 0%,rgb(155,81,224) 100%)","background_repeat":"repeat","background_size":"auto","background_attachment":"scroll","patternColor":{"default":{"color":"#e5e7ea"}},"overlayColor":{"default":{"color":"CT_CSS_SKIP_RULE"}},"backgroundColor":{"default":{"color":"var(--theme-palette-color-6)"}}},"pageTitlePadding":{"top":"50px","bottom":"50px","left":"auto","right":"auto","linked":true},"68e99cf749070bb3089e9c1453be8c50":"","page_structure_type":"type-1","5ecf73cb271c9762c5c05b35b1e20067":"","content_style_source":"inherit","content_style":"wide","vertical_spacing_source":"inherit","content_area_spacing":"both","background":{"background_type":"color","background_pattern":"type-1","background_image":{"attachment_id":null,"x":0,"y":0},"gradient":"linear-gradient(135deg,rgba(6,147,227,1) 0%,rgb(155,81,224) 100%)","background_repeat":"repeat","background_size":"auto","background_attachment":"scroll","patternColor":{"default":{"color":"#e5e7ea"}},"overlayColor":{"default":{"color":"CT_CSS_SKIP_RULE"}},"backgroundColor":{"default":{"color":"CT_CSS_SKIP_RULE"}}},"content_background":{"background_type":"color","background_pattern":"type-1","background_image":{"attachment_id":null,"x":0,"y":0},"gradient":"linear-gradient(135deg,rgba(6,147,227,1) 0%,rgb(155,81,224) 100%)","background_repeat":"repeat","background_size":"auto","background_attachment":"scroll","patternColor":{"default":{"color":"#e5e7ea"}},"overlayColor":{"default":{"color":"CT_CSS_SKIP_RULE"}},"backgroundColor":{"default":{"color":"var(--theme-palette-color-8)"}}},"content_boxed_shadow":{"inherit":false,"blur":18,"spread":-6,"v_offset":12,"h_offset":0,"inset":false,"enable":true,"color":{"color":"rgba(34, 56, 101, 0.04)"}},"content_boxed_border":{"width":1,"style":"none","color":{"color":"rgba(44,62,80,0.2)"}},"content_boxed_radius":{"top":"3px","bottom":"3px","left":"3px","right":"3px","linked":true},"boxed_content_spacing":{"desktop":{"top":"40px","bottom":"40px","left":"40px","right":"40px","linked":true},"tablet":{"top":"35px","bottom":"35px","left":"35px","right":"35px","linked":true},"mobile":{"top":"20px","bottom":"20px","left":"20px","right":"20px","linked":true}},"ab93fa48367ff6da794443c45c57a70e":"","disable_featured_image":"no","disable_share_box":"no","disable_header":"no","disable_footer":"no","57577c563bd29b226d6b2d3556170268":"","0d04f0fb164b16a891d5fd52cc7a36c7":"","05b36a7d8b88086338006f4077ba78a8":"","47254e6157eaef81c854ef75b1ac5500":"","50796b3af33bcd40667f2ba15cec900a":"","b16bca42e6e48b9af03647f7c5fb4f46":"","98f801330a4c53732a1f241ab5a4765e":"","2619edfe117932cbb1de2aa94670e484":""},"meta_box":[],"_links":{"self":[{"href":"https:\/\/inteligenciaartificialai.com\/en\/wp-json\/wp\/v2\/pages\/770","targetHints":{"allow":["GET"]}}],"collection":[{"href":"https:\/\/inteligenciaartificialai.com\/en\/wp-json\/wp\/v2\/pages"}],"about":[{"href":"https:\/\/inteligenciaartificialai.com\/en\/wp-json\/wp\/v2\/types\/page"}],"author":[{"embeddable":true,"href":"https:\/\/inteligenciaartificialai.com\/en\/wp-json\/wp\/v2\/users\/1"}],"replies":[{"embeddable":true,"href":"https:\/\/inteligenciaartificialai.com\/en\/wp-json\/wp\/v2\/comments?post=770"}],"version-history":[{"count":10,"href":"https:\/\/inteligenciaartificialai.com\/en\/wp-json\/wp\/v2\/pages\/770\/revisions"}],"predecessor-version":[{"id":973,"href":"https:\/\/inteligenciaartificialai.com\/en\/wp-json\/wp\/v2\/pages\/770\/revisions\/973"}],"wp:attachment":[{"href":"https:\/\/inteligenciaartificialai.com\/en\/wp-json\/wp\/v2\/media?parent=770"}],"curies":[{"name":"wp","href":"https:\/\/api.w.org\/{rel}","templated":true}]}}